{"id":21,"date":"2020-06-25T10:09:23","date_gmt":"2020-06-25T10:09:23","guid":{"rendered":"https:\/\/musicalesdunes.com\/?page_id=21"},"modified":"2021-09-20T16:58:24","modified_gmt":"2021-09-20T16:58:24","slug":"el-nuevo-umoma-abre-sus-puertas-2","status":"publish","type":"page","link":"https:\/\/musicalesdunes.com\/","title":{"rendered":"M\u1d1c\u0301s\u026a\u1d04\u1d00 L\u1d07s D\u1d1c\u0274\u1d07s"},"content":{"rendered":"\n<div class=\"wp-block-group alignfull\"><div class=\"wp-block-group__inner-container is-layout-flow wp-block-group-is-layout-flow\">\n<p>\ud83c\udd74\ud83c\udd82\ud83c\udd7f\ud83c\udd70\ud83c\udd78 \ud83c\udd7e\ud83c\udd7d \ud83c\udd83\ud83c\udd81\ud83c\udd7e\ud83c\udd71\ud83c\udd70\ud83c\udd81 \ud83c\udd7c\ud83c\udd70\ud83c\udd83\ud83c\udd74\ud83c\udd81\ud83c\udd78\ud83c\udd70\ud83c\udd7b\ud83c\udd82 \ud83c\udd7f\ud83c\udd74\ud83c\udd81 \ud83c\udd70 \ud83c\udd7b\ud83c\udd70 \ud83c\udd72\ud83c\udd7b\ud83c\udd70\ud83c\udd82\ud83c\udd82\ud83c\udd74 \ud83c\udd73\ud83c\udd74 \ud83c\udd7c\ud83c\udd84\ud83c\udd82\ud83c\udd78\ud83c\udd72\ud83c\udd70<\/p>\n\n\n\n<blockquote class=\"wp-block-quote is-layout-flow wp-block-quote-is-layout-flow\"><p>\ud835\udcde\ud835\udcf7 \ud835\udcf5\ud835\udcee\ud835\udcfc \ud835\udcf9\ud835\udcea\ud835\udcfb\ud835\udcea\ud835\udcfe\ud835\udcf5\ud835\udcee\ud835\udcfc \ud835\udcef\ud835\udcea\ud835\udcf5\ud835\udcf5\ud835\udcee\ud835\udcf7, \ud835\udcf5\ud835\udcea \ud835\udcf6\ud835\udcfe\u0301\ud835\udcfc\ud835\udcf2\ud835\udcec\ud835\udcea \ud835\udcf9\ud835\udcea\ud835\udcfb\ud835\udcf5\ud835\udcea<\/p><cite><strong>Hans Christian Andersen<\/strong><\/cite><\/blockquote>\n\n\n\n<h3 class=\"has-accent-color has-text-color wp-block-heading\">ELEMENTS D\u00b4AQUESTA WEB<\/h3>\n<\/div><\/div>\n\n\n\n<div class=\"wp-block-columns alignwide is-layout-flex wp-container-core-columns-is-layout-9d6595d7 wp-block-columns-is-layout-flex\">\n<div class=\"wp-block-column is-layout-flow wp-block-column-is-layout-flow\">\n<div class=\"wp-block-group\"><div class=\"wp-block-group__inner-container is-layout-flow wp-block-group-is-layout-flow\">\n<figure class=\"wp-block-image alignfull size-large\"><img loading=\"lazy\" decoding=\"async\" width=\"1024\" height=\"1024\" src=\"https:\/\/musicalesdunes.com\/wp-content\/uploads\/2020\/08\/Instagram-Felicitacion-Pastel-Cumpleanos-Lindo-1024x1024.png\" alt=\"\" class=\"wp-image-1077\" srcset=\"https:\/\/musicalesdunes.com\/wp-content\/uploads\/2020\/08\/Instagram-Felicitacion-Pastel-Cumpleanos-Lindo-1024x1024.png 1024w, https:\/\/musicalesdunes.com\/wp-content\/uploads\/2020\/08\/Instagram-Felicitacion-Pastel-Cumpleanos-Lindo-300x300.png 300w, https:\/\/musicalesdunes.com\/wp-content\/uploads\/2020\/08\/Instagram-Felicitacion-Pastel-Cumpleanos-Lindo-150x150.png 150w, https:\/\/musicalesdunes.com\/wp-content\/uploads\/2020\/08\/Instagram-Felicitacion-Pastel-Cumpleanos-Lindo-768x768.png 768w, https:\/\/musicalesdunes.com\/wp-content\/uploads\/2020\/08\/Instagram-Felicitacion-Pastel-Cumpleanos-Lindo.png 1080w\" sizes=\"auto, (max-width: 1024px) 100vw, 1024px\" \/><\/figure>\n\n\n\n<h3 class=\"wp-block-heading\">Pr\u00e0ctica<\/h3>\n\n\n\n<p>Partitures, v\u00eddeos, enlla\u00e7\u00f3s, activitats interactives..<\/p>\n<\/div><\/div>\n\n\n\n<div class=\"wp-block-group\"><div class=\"wp-block-group__inner-container is-layout-flow wp-block-group-is-layout-flow\">\n<figure class=\"wp-block-image alignfull size-large\"><img loading=\"lazy\" decoding=\"async\" width=\"1024\" height=\"1024\" src=\"https:\/\/musicalesdunes.com\/wp-content\/uploads\/2020\/08\/activitats-variades-1024x1024.png\" alt=\"\" class=\"wp-image-1070\" srcset=\"https:\/\/musicalesdunes.com\/wp-content\/uploads\/2020\/08\/activitats-variades-1024x1024.png 1024w, https:\/\/musicalesdunes.com\/wp-content\/uploads\/2020\/08\/activitats-variades-300x300.png 300w, https:\/\/musicalesdunes.com\/wp-content\/uploads\/2020\/08\/activitats-variades-150x150.png 150w, https:\/\/musicalesdunes.com\/wp-content\/uploads\/2020\/08\/activitats-variades-768x768.png 768w, https:\/\/musicalesdunes.com\/wp-content\/uploads\/2020\/08\/activitats-variades.png 1080w\" sizes=\"auto, (max-width: 1024px) 100vw, 1024px\" \/><\/figure>\n\n\n\n<h3 class=\"wp-block-heading\">Activitats interactives<\/h3>\n\n\n\n<div class=\"wp-block-group is-layout-flow wp-block-group-is-layout-flow\"><div class=\"wp-block-group__inner-container\"><\/div><\/div>\n\n\n\n<p><\/p>\n<\/div><\/div>\n<\/div>\n\n\n\n<div class=\"wp-block-column is-layout-flow wp-block-column-is-layout-flow\">\n<div class=\"wp-block-group\"><div class=\"wp-block-group__inner-container is-layout-flow wp-block-group-is-layout-flow\">\n<figure class=\"wp-block-image alignfull size-large\"><img loading=\"lazy\" decoding=\"async\" width=\"610\" height=\"614\" src=\"https:\/\/musicalesdunes.com\/wp-content\/uploads\/2020\/08\/APUNTS-2.jpg\" alt=\"\" class=\"wp-image-1079\" srcset=\"https:\/\/musicalesdunes.com\/wp-content\/uploads\/2020\/08\/APUNTS-2.jpg 610w, https:\/\/musicalesdunes.com\/wp-content\/uploads\/2020\/08\/APUNTS-2-298x300.jpg 298w, https:\/\/musicalesdunes.com\/wp-content\/uploads\/2020\/08\/APUNTS-2-150x150.jpg 150w\" sizes=\"auto, (max-width: 610px) 100vw, 610px\" \/><\/figure>\n\n\n\n<h3 class=\"wp-block-heading\">Teoria<\/h3>\n\n\n\n<p>Organitzats per nivells i temes.<\/p>\n<\/div><\/div>\n\n\n\n<div class=\"wp-block-group\"><div class=\"wp-block-group__inner-container is-layout-flow wp-block-group-is-layout-flow\">\n<figure class=\"wp-block-image alignfull size-large\"><img loading=\"lazy\" decoding=\"async\" width=\"1024\" height=\"1024\" src=\"https:\/\/musicalesdunes.com\/wp-content\/uploads\/2020\/08\/activitats-variades-1-1024x1024.png\" alt=\"\" class=\"wp-image-1073\" srcset=\"https:\/\/musicalesdunes.com\/wp-content\/uploads\/2020\/08\/activitats-variades-1-1024x1024.png 1024w, https:\/\/musicalesdunes.com\/wp-content\/uploads\/2020\/08\/activitats-variades-1-300x300.png 300w, https:\/\/musicalesdunes.com\/wp-content\/uploads\/2020\/08\/activitats-variades-1-150x150.png 150w, https:\/\/musicalesdunes.com\/wp-content\/uploads\/2020\/08\/activitats-variades-1-768x768.png 768w, https:\/\/musicalesdunes.com\/wp-content\/uploads\/2020\/08\/activitats-variades-1.png 1080w\" sizes=\"auto, (max-width: 1024px) 100vw, 1024px\" \/><\/figure>\n\n\n\n<h3 class=\"wp-block-heading\">Recursos per a la classe de m\u00fasica<\/h3>\n\n\n\n<p><\/p>\n<\/div><\/div>\n\n\n\n<p><\/p>\n<\/div>\n<\/div>\n\n\n\n<div class=\"wp-block-group is-layout-flow wp-block-group-is-layout-flow\"><div class=\"wp-block-group__inner-container\"><\/div><\/div>\n\n\n\n<figure class=\"wp-block-gallery alignfull columns-3 is-cropped wp-block-gallery-1 is-layout-flex wp-block-gallery-is-layout-flex\"><ul class=\"blocks-gallery-grid\"><li class=\"blocks-gallery-item\"><figure><img loading=\"lazy\" decoding=\"async\" width=\"1500\" height=\"1127\" src=\"https:\/\/musicalesdunes.com\/wp-content\/uploads\/2020\/08\/2-festival-2-1.jpg\" alt=\"\" data-id=\"1089\" data-full-url=\"https:\/\/musicalesdunes.com\/wp-content\/uploads\/2020\/08\/2-festival-2-1.jpg\" data-link=\"https:\/\/musicalesdunes.com\/?attachment_id=1089\" class=\"wp-image-1089\" srcset=\"https:\/\/musicalesdunes.com\/wp-content\/uploads\/2020\/08\/2-festival-2-1.jpg 1500w, https:\/\/musicalesdunes.com\/wp-content\/uploads\/2020\/08\/2-festival-2-1-300x225.jpg 300w, https:\/\/musicalesdunes.com\/wp-content\/uploads\/2020\/08\/2-festival-2-1-1024x769.jpg 1024w, https:\/\/musicalesdunes.com\/wp-content\/uploads\/2020\/08\/2-festival-2-1-768x577.jpg 768w, https:\/\/musicalesdunes.com\/wp-content\/uploads\/2020\/08\/2-festival-2-1-1200x902.jpg 1200w\" sizes=\"auto, (max-width: 1500px) 100vw, 1500px\" \/><\/figure><\/li><li class=\"blocks-gallery-item\"><figure><img loading=\"lazy\" decoding=\"async\" width=\"745\" height=\"670\" src=\"https:\/\/musicalesdunes.com\/wp-content\/uploads\/2020\/08\/25-aniv-1.jpg\" alt=\"\" data-id=\"1091\" data-full-url=\"https:\/\/musicalesdunes.com\/wp-content\/uploads\/2020\/08\/25-aniv-1.jpg\" data-link=\"https:\/\/musicalesdunes.com\/?attachment_id=1091\" class=\"wp-image-1091\" srcset=\"https:\/\/musicalesdunes.com\/wp-content\/uploads\/2020\/08\/25-aniv-1.jpg 745w, https:\/\/musicalesdunes.com\/wp-content\/uploads\/2020\/08\/25-aniv-1-300x270.jpg 300w\" sizes=\"auto, (max-width: 745px) 100vw, 745px\" \/><\/figure><\/li><li class=\"blocks-gallery-item\"><figure><img loading=\"lazy\" decoding=\"async\" width=\"400\" height=\"600\" src=\"https:\/\/musicalesdunes.com\/wp-content\/uploads\/2020\/08\/3r-festival-1.png\" alt=\"\" data-id=\"1090\" data-full-url=\"https:\/\/musicalesdunes.com\/wp-content\/uploads\/2020\/08\/3r-festival-1.png\" data-link=\"https:\/\/musicalesdunes.com\/?attachment_id=1090\" class=\"wp-image-1090\" srcset=\"https:\/\/musicalesdunes.com\/wp-content\/uploads\/2020\/08\/3r-festival-1.png 400w, https:\/\/musicalesdunes.com\/wp-content\/uploads\/2020\/08\/3r-festival-1-200x300.png 200w\" sizes=\"auto, (max-width: 400px) 100vw, 400px\" \/><\/figure><\/li><li class=\"blocks-gallery-item\"><figure><img loading=\"lazy\" decoding=\"async\" width=\"670\" height=\"597\" src=\"https:\/\/musicalesdunes.com\/wp-content\/uploads\/2020\/08\/Captura-1.jpg\" alt=\"\" data-id=\"1092\" data-full-url=\"https:\/\/musicalesdunes.com\/wp-content\/uploads\/2020\/08\/Captura-1.jpg\" data-link=\"https:\/\/musicalesdunes.com\/?attachment_id=1092\" class=\"wp-image-1092\" srcset=\"https:\/\/musicalesdunes.com\/wp-content\/uploads\/2020\/08\/Captura-1.jpg 670w, https:\/\/musicalesdunes.com\/wp-content\/uploads\/2020\/08\/Captura-1-300x267.jpg 300w\" sizes=\"auto, (max-width: 670px) 100vw, 670px\" \/><\/figure><\/li><li class=\"blocks-gallery-item\"><figure><img loading=\"lazy\" decoding=\"async\" width=\"320\" height=\"268\" src=\"https:\/\/musicalesdunes.com\/wp-content\/uploads\/2020\/08\/cartel-festival1-1.png\" alt=\"\" data-id=\"1093\" data-full-url=\"https:\/\/musicalesdunes.com\/wp-content\/uploads\/2020\/08\/cartel-festival1-1.png\" data-link=\"https:\/\/musicalesdunes.com\/?attachment_id=1093\" class=\"wp-image-1093\" srcset=\"https:\/\/musicalesdunes.com\/wp-content\/uploads\/2020\/08\/cartel-festival1-1.png 320w, https:\/\/musicalesdunes.com\/wp-content\/uploads\/2020\/08\/cartel-festival1-1-300x251.png 300w\" sizes=\"auto, (max-width: 320px) 100vw, 320px\" \/><\/figure><\/li><li class=\"blocks-gallery-item\"><figure><img loading=\"lazy\" decoding=\"async\" width=\"504\" height=\"390\" src=\"https:\/\/musicalesdunes.com\/wp-content\/uploads\/2020\/08\/donativo-1.jpg\" alt=\"\" data-id=\"1094\" data-full-url=\"https:\/\/musicalesdunes.com\/wp-content\/uploads\/2020\/08\/donativo-1.jpg\" data-link=\"https:\/\/musicalesdunes.com\/?attachment_id=1094\" class=\"wp-image-1094\" srcset=\"https:\/\/musicalesdunes.com\/wp-content\/uploads\/2020\/08\/donativo-1.jpg 504w, https:\/\/musicalesdunes.com\/wp-content\/uploads\/2020\/08\/donativo-1-300x232.jpg 300w\" sizes=\"auto, (max-width: 504px) 100vw, 504px\" \/><\/figure><\/li><li class=\"blocks-gallery-item\"><figure><img loading=\"lazy\" decoding=\"async\" width=\"434\" height=\"522\" src=\"https:\/\/musicalesdunes.com\/wp-content\/uploads\/2020\/08\/TALLER-CORO-1.jpg\" alt=\"\" data-id=\"1095\" data-full-url=\"https:\/\/musicalesdunes.com\/wp-content\/uploads\/2020\/08\/TALLER-CORO-1.jpg\" data-link=\"https:\/\/musicalesdunes.com\/?attachment_id=1095\" class=\"wp-image-1095\" srcset=\"https:\/\/musicalesdunes.com\/wp-content\/uploads\/2020\/08\/TALLER-CORO-1.jpg 434w, https:\/\/musicalesdunes.com\/wp-content\/uploads\/2020\/08\/TALLER-CORO-1-249x300.jpg 249w\" sizes=\"auto, (max-width: 434px) 100vw, 434px\" \/><\/figure><\/li><li class=\"blocks-gallery-item\"><figure><img loading=\"lazy\" decoding=\"async\" width=\"320\" height=\"160\" src=\"https:\/\/musicalesdunes.com\/wp-content\/uploads\/2020\/08\/vaso-palillos-1.jpg\" alt=\"\" data-id=\"1097\" data-full-url=\"https:\/\/musicalesdunes.com\/wp-content\/uploads\/2020\/08\/vaso-palillos-1.jpg\" data-link=\"https:\/\/musicalesdunes.com\/?attachment_id=1097\" class=\"wp-image-1097\" srcset=\"https:\/\/musicalesdunes.com\/wp-content\/uploads\/2020\/08\/vaso-palillos-1.jpg 320w, https:\/\/musicalesdunes.com\/wp-content\/uploads\/2020\/08\/vaso-palillos-1-300x150.jpg 300w\" sizes=\"auto, (max-width: 320px) 100vw, 320px\" \/><\/figure><\/li><li class=\"blocks-gallery-item\"><figure><img loading=\"lazy\" decoding=\"async\" width=\"1080\" height=\"1080\" src=\"https:\/\/musicalesdunes.com\/wp-content\/uploads\/2020\/08\/tubos-1.jpg\" alt=\"\" data-id=\"1096\" data-full-url=\"https:\/\/musicalesdunes.com\/wp-content\/uploads\/2020\/08\/tubos-1.jpg\" data-link=\"https:\/\/musicalesdunes.com\/?attachment_id=1096\" class=\"wp-image-1096\" srcset=\"https:\/\/musicalesdunes.com\/wp-content\/uploads\/2020\/08\/tubos-1.jpg 1080w, https:\/\/musicalesdunes.com\/wp-content\/uploads\/2020\/08\/tubos-1-300x300.jpg 300w, https:\/\/musicalesdunes.com\/wp-content\/uploads\/2020\/08\/tubos-1-1024x1024.jpg 1024w, https:\/\/musicalesdunes.com\/wp-content\/uploads\/2020\/08\/tubos-1-150x150.jpg 150w, https:\/\/musicalesdunes.com\/wp-content\/uploads\/2020\/08\/tubos-1-768x768.jpg 768w\" sizes=\"auto, (max-width: 1080px) 100vw, 1080px\" \/><\/figure><\/li><\/ul><\/figure>\n\n\n\n<div class=\"wp-block-group alignwide\"><div class=\"wp-block-group__inner-container is-layout-flow wp-block-group-is-layout-flow\">\n<h2 class=\"has-text-align-center has-accent-color has-text-color wp-block-heading\">Hist\u00f2ria d\u00b4aquesta web..<\/h2>\n<\/div><\/div>\n\n\n\n<p>Aquesta p\u00e0gina prov\u00e9 del web <a href=\"http:\/\/musicalesdunes.blogspot.com\/\">musicalesdunes.blogspot.es<\/a> que va n\u00e0ixer el <strong>14 de novembre de 2010<\/strong>. Aquesta web t\u00e9 hui m\u00e9s de <strong>223.000 visites<\/strong>, m\u00e9s de <strong>100 posts<\/strong>. \u00c9s un web per a \u00fas de l&#8217;alumnat de l&#8217;<strong>IES LES DUNES<\/strong> de <strong>Guardamar de Segura<\/strong>, per\u00f2 t\u00e9 prou recursos per ser interessant per a altres centres educatius o professorat que ens visiten des d&#8217;altres parts de m\u00f3n. Des que va comen\u00e7ar la crisi de l&#8217;Covid-19 la nostra web ha estat inclosa en el <a href=\"https:\/\/www.rebostdigital.gva.es\/secundaria\/musica-secundaria\/\">rebost digital de la Comunitat Valenciana<\/a>.<\/p>\n\n\n\n<p><br><strong>Als 10 anys<\/strong> de la seva creaci\u00f3 hem decidit renovar la imatge, el logotip, recursos i domini web. La nostra intenci\u00f3 \u00e9s seguir creixent, aportar el nostre gra de sorra contagiant il\u00b7lusi\u00f3 per l&#8217;aprenentatge de la m\u00fasica.<\/p>\n\n\n\n<p><br><em><strong>Que sone la m\u00fasica sempre al teu cor!<\/strong><\/em> \ud83c\udfbc <span class=\"has-inline-color has-accent-color\">\u2665<\/span><\/p>\n\n\n\n<p><\/p>\n\n\n\n<p><\/p>\n\n\n\n<h2 class=\"wp-block-heading\"><\/h2>\n\n\n\n<p><\/p>\n","protected":false},"excerpt":{"rendered":"<p>\ud83c\udd74\ud83c\udd82\ud83c\udd7f\ud83c\udd70\ud83c\udd78 \ud83c\udd7e\ud83c\udd7d \ud83c\udd83\ud83c\udd81\ud83c\udd7e\ud83c\udd71\ud83c\udd70\ud83c\udd81 \ud83c\udd7c\ud83c\udd70\ud83c\udd83\ud83c\udd74\ud83c\udd81\ud83c\udd78\ud83c\udd70\ud83c\udd7b\ud83c\udd82 \ud83c\udd7f\ud83c\udd74\ud83c\udd81 \ud83c\udd70 \ud83c\udd7b\ud83c\udd70 \ud83c\udd72\ud83c\udd7b\ud83c\udd70\ud83c\udd82\ud83c\udd82\ud83c\udd74 \ud83c\udd73\ud83c\udd74 \ud83c\udd7c\ud83c\udd84\ud83c\udd82\ud83c\udd78\ud83c\udd72\ud83c\udd70 \ud835\udcde\ud835\udcf7 \ud835\udcf5\ud835\udcee\ud835\udcfc \ud835\udcf9\ud835\udcea\ud835\udcfb\ud835\udcea\ud835\udcfe\ud835\udcf5\ud835\udcee\ud835\udcfc \ud835\udcef\ud835\udcea\ud835\udcf5\ud835\udcf5\ud835\udcee\ud835\udcf7, \ud835\udcf5\ud835\udcea \ud835\udcf6\ud835\udcfe\u0301\ud835\udcfc\ud835\udcf2\ud835\udcec\ud835\udcea \ud835\udcf9\ud835\udcea\ud835\udcfb\ud835\udcf5\ud835\udcea Hans Christian Andersen ELEMENTS D\u00b4AQUESTA WEB Pr\u00e0ctica Partitures, v\u00eddeos, enlla\u00e7\u00f3s, activitats interactives.. Activitats interactives Teoria Organitzats per nivells i temes. Recursos per a la classe de m\u00fasica Hist\u00f2ria d\u00b4aquesta web.. Aquesta p\u00e0gina prov\u00e9 del web musicalesdunes.blogspot.es que va [&hellip;]<\/p>\n","protected":false},"author":1,"featured_media":1491,"parent":0,"menu_order":0,"comment_status":"closed","ping_status":"closed","template":"","meta":{"footnotes":""},"class_list":["post-21","page","type-page","status-publish","has-post-thumbnail","hentry"],"_links":{"self":[{"href":"https:\/\/musicalesdunes.com\/index.php?rest_route=\/wp\/v2\/pages\/21","targetHints":{"allow":["GET"]}}],"collection":[{"href":"https:\/\/musicalesdunes.com\/index.php?rest_route=\/wp\/v2\/pages"}],"about":[{"href":"https:\/\/musicalesdunes.com\/index.php?rest_route=\/wp\/v2\/types\/page"}],"author":[{"embeddable":true,"href":"https:\/\/musicalesdunes.com\/index.php?rest_route=\/wp\/v2\/users\/1"}],"replies":[{"embeddable":true,"href":"https:\/\/musicalesdunes.com\/index.php?rest_route=%2Fwp%2Fv2%2Fcomments&post=21"}],"version-history":[{"count":35,"href":"https:\/\/musicalesdunes.com\/index.php?rest_route=\/wp\/v2\/pages\/21\/revisions"}],"predecessor-version":[{"id":1492,"href":"https:\/\/musicalesdunes.com\/index.php?rest_route=\/wp\/v2\/pages\/21\/revisions\/1492"}],"wp:featuredmedia":[{"embeddable":true,"href":"https:\/\/musicalesdunes.com\/index.php?rest_route=\/wp\/v2\/media\/1491"}],"wp:attachment":[{"href":"https:\/\/musicalesdunes.com\/index.php?rest_route=%2Fwp%2Fv2%2Fmedia&parent=21"}],"curies":[{"name":"wp","href":"https:\/\/api.w.org\/{rel}","templated":true}]}}