{"id":23,"date":"2020-06-25T10:09:23","date_gmt":"2020-06-25T10:09:23","guid":{"rendered":"https:\/\/musicalesdunes.com\/?page_id=23"},"modified":"2020-08-30T17:11:37","modified_gmt":"2020-08-30T17:11:37","slug":"contacto","status":"publish","type":"page","link":"https:\/\/musicalesdunes.com\/?page_id=23","title":{"rendered":"Recursos"},"content":{"rendered":"\n<div class=\"wp-block-cover alignwide has-background-dim-20 has-background-dim is-position-center-center\" style=\"background-image:url(https:\/\/musicalesdunes.com\/wp-content\/uploads\/2020\/08\/recursos.jpg);background-position:40% 26%;min-height:375px;aspect-ratio:unset;\"><div class=\"wp-block-cover__inner-container is-layout-flow wp-block-cover-is-layout-flow\">\n<p class=\"has-text-align-center has-text-color\" style=\"line-height:1.1;font-size:74px;color:#fffffa\"><\/p>\n<\/div><\/div>\n\n\n\n<p>Imatge Pixabay<\/p>\n\n\n\n<p>En aquesta secci\u00f3 trobar\u00e0s materials ordenats per temes per treballar ritme, percussi\u00f3 corporal, tubs, etc.<\/p>\n\n\n\n<figure class=\"wp-block-image size-large\"><img loading=\"lazy\" decoding=\"async\" width=\"949\" height=\"634\" src=\"https:\/\/musicalesdunes.com\/wp-content\/uploads\/2020\/08\/despedida-7.jpg\" alt=\"\" class=\"wp-image-992\" srcset=\"https:\/\/musicalesdunes.com\/wp-content\/uploads\/2020\/08\/despedida-7.jpg 949w, https:\/\/musicalesdunes.com\/wp-content\/uploads\/2020\/08\/despedida-7-300x200.jpg 300w, https:\/\/musicalesdunes.com\/wp-content\/uploads\/2020\/08\/despedida-7-768x513.jpg 768w\" sizes=\"auto, (max-width: 949px) 100vw, 949px\" \/><figcaption>Imatge Pixabay<\/figcaption><\/figure>\n\n\n\n<p><\/p>\n","protected":false},"excerpt":{"rendered":"<p>Imatge Pixabay En aquesta secci\u00f3 trobar\u00e0s materials ordenats per temes per treballar ritme, percussi\u00f3 corporal, tubs, etc.<\/p>\n","protected":false},"author":1,"featured_media":0,"parent":0,"menu_order":0,"comment_status":"closed","ping_status":"closed","template":"","meta":{"footnotes":""},"class_list":["post-23","page","type-page","status-publish","hentry"],"_links":{"self":[{"href":"https:\/\/musicalesdunes.com\/index.php?rest_route=\/wp\/v2\/pages\/23","targetHints":{"allow":["GET"]}}],"collection":[{"href":"https:\/\/musicalesdunes.com\/index.php?rest_route=\/wp\/v2\/pages"}],"about":[{"href":"https:\/\/musicalesdunes.com\/index.php?rest_route=\/wp\/v2\/types\/page"}],"author":[{"embeddable":true,"href":"https:\/\/musicalesdunes.com\/index.php?rest_route=\/wp\/v2\/users\/1"}],"replies":[{"embeddable":true,"href":"https:\/\/musicalesdunes.com\/index.php?rest_route=%2Fwp%2Fv2%2Fcomments&post=23"}],"version-history":[{"count":3,"href":"https:\/\/musicalesdunes.com\/index.php?rest_route=\/wp\/v2\/pages\/23\/revisions"}],"predecessor-version":[{"id":1122,"href":"https:\/\/musicalesdunes.com\/index.php?rest_route=\/wp\/v2\/pages\/23\/revisions\/1122"}],"wp:attachment":[{"href":"https:\/\/musicalesdunes.com\/index.php?rest_route=%2Fwp%2Fv2%2Fmedia&parent=23"}],"curies":[{"name":"wp","href":"https:\/\/api.w.org\/{rel}","templated":true}]}}